{"id":342,"date":"2015-09-15T11:27:05","date_gmt":"2015-09-15T11:27:05","guid":{"rendered":"http:\/\/pixel-industry.com\/dummy_wp\/trucking\/?page_id=18"},"modified":"2024-02-14T06:47:20","modified_gmt":"2024-02-14T06:47:20","slug":"home","status":"publish","type":"page","link":"https:\/\/enruedas.co\/","title":{"rendered":"Home"},"content":{"rendered":"<section class='page-content' style=''  ><section class='container'><div class='row' style=''><div class='col-md-12 ' style='' ><div class='cma-wysiwyg-editor'><p style=\"text-align: center;\">[masterslider id=\"2\"]<\/p><\/div><\/div><\/div><\/section><\/section><section class='page-content' style=''  ><section class='container'><div class='row' style=''><div class='col-md-4 col-sm-6' style='' ><div class='custom-heading'>\r\n                            <h3>Qui\u00e9nes somos<\/h3>                            \r\n                        <\/div><div class='cma-wysiwyg-editor'><br \/><p>EN RUEDAS S.A.S. dedicada al transporte especial en todas sus modalidades con \u00e9nfasis en el transporte de personas en situaci\u00f3n de discapacidad y movilidad reducida, turismo, empresarial y escolar, en todo el territorio Colombiano.\u00a0Brindamos un servicio de calidad, bienestar y tranquilidad a nuestros usuarios.<\/p><\/div><a href='http:\/\/enruedas.co\/sitio\/quienes-somos\/' class='read-more  right'><span>leer m\u00e1s <i class='fa fa fa-map-marker'><\/i><\/span><\/a><\/div><div class='col-md-4 col-sm-6' style='' ><div class='custom-heading'>\r\n                            <h3>Cont\u00e1ctenos<\/h3>                            \r\n                        <\/div><img src='https:\/\/enruedas.co\/wp-content\/uploads\/2017\/05\/locations.jpg' class='right' title='locations' alt='locations' width='360' height='132'\/><div class='clearfix'><\/div><div class='cma-wysiwyg-editor'><p>Estamos ubicados en\u00a0Calle 36sur N\u00ba45-7 \u00a0en Envigado - Antioquia. Tambi\u00e9n puede comunicarse con nosotros llamando al tel\u00e9fono (4) 4488528\u00a0\u00a0- 3103863728. \u00a0\u00a0<\/p><\/div><\/div><div class='col-md-4 col-sm-12' style='' ><div class='custom-heading'>\r\n                            <h3>Servicios<\/h3>                            \r\n                        <\/div><ul class='fa-ul default'><li><i class='fa fa-li fa fa-long-arrow-right'><\/i>Traslados para atenci\u00f3n medica programada<\/li><li><i class='fa fa-li fa fa-long-arrow-right'><\/i>Traslados centros de terapia<\/li><li><i class='fa fa-li fa fa-long-arrow-right'><\/i>Traslado y recogida en aeropuerto local y Rionegro<\/li><li><i class='fa fa-li fa fa-long-arrow-right'><\/i>Suministro de silla de ruedas cuando es requerido<\/li><li><i class='fa fa-li fa fa-long-arrow-right'><\/i>Transporte no medicalizado<\/li><li><i class='fa fa-li fa fa-long-arrow-right'><\/i>Transporte empresarial<\/li><li><i class='fa fa-li fa fa-long-arrow-right'><\/i>Transporte de tur\u00edsmo<\/li><li><i class='fa fa-li fa fa-long-arrow-right'><\/i>Servicio de transporte escolar<\/li><\/ul><\/div><\/div><\/section><\/section><section class='page-content' style=''  ><section class='container'><div class='row' style=''><div class='col-md-5 ' style='' ><div class='custom-heading'>\r\n                            <h2>Nuestros valores<\/h2>                            \r\n                        <\/div><ul class='fa-ul large-icons theme-color-icons'><li>\r\n                                <div class='icon-container ' data-animate='zoomIn'>\r\n                                    <i class='fa fa-check-circle' ><\/i>\r\n                                <\/div>\r\n                                <div class='li-content'>\r\n                                    <h4>Responsabilidad:<\/h4>\r\n                                    <p>Nos comprometemos a suplir las necesidades de las personas a trav\u00e9s de nuestro trabajo.<\/p>\r\n                                <\/div>                                \r\n                            <\/li><li>\r\n                                <div class='icon-container ' data-animate='zoomIn'>\r\n                                    <i class='fa fa-check-circle' ><\/i>\r\n                                <\/div>\r\n                                <div class='li-content'>\r\n                                    <h4>Cumplimiento:<\/h4>\r\n                                    <p>Actuamos con esmero, prontitud y pasi\u00f3n a las tareas asignadas.<\/p>\r\n                                <\/div>                                \r\n                            <\/li><li>\r\n                                <div class='icon-container ' data-animate='zoomIn'>\r\n                                    <i class='fa fa-check-circle' ><\/i>\r\n                                <\/div>\r\n                                <div class='li-content'>\r\n                                    <h4>Excelencia:<\/h4>\r\n                                    <p>En cada una de nuestras labores se diferencia la convicci\u00f3n de mejorar.<\/p>\r\n                                <\/div>                                \r\n                            <\/li><li>\r\n                                <div class='icon-container ' data-animate='zoomIn'>\r\n                                    <i class='fa fa-check-circle' ><\/i>\r\n                                <\/div>\r\n                                <div class='li-content'>\r\n                                    <h4>Lealtad:<\/h4>\r\n                                    <p>En todas nuestras relaciones somos confiables e \u00edntegros.<\/p>\r\n                                <\/div>                                \r\n                            <\/li><\/ul><\/div><div class='col-md-7 ' style='' ><img src='https:\/\/enruedas.co\/wp-content\/uploads\/2017\/05\/146.png' class='center' title='146' alt='146' width='800' height='479'\/><div class='clearfix'><\/div><\/div><\/div><div class='row' style=''><div class='col-md-6 ' style='' ><div class='custom-heading'>\r\n                            <h3>Conoce todos los servicios<\/h3>                            \r\n                        <\/div><ul class='fa-ul default'><li><i class='fa fa-li fa fa-long-arrow-right'><\/i>Traslados para atenci\u00f3n medica programada<\/li><li><i class='fa fa-li fa fa-long-arrow-right'><\/i>Traslados centros de terapia<\/li><li><i class='fa fa-li fa fa-long-arrow-right'><\/i>Traslado y recogida en aeropuerto local y Rionegro<\/li><li><i class='fa fa-li fa fa-long-arrow-right'><\/i>Suministro de silla de ruedas cuando es requerido<\/li><li><i class='fa fa-li fa fa-long-arrow-right'><\/i>Transporte no medicalizado<\/li><li><i class='fa fa-li fa fa-long-arrow-right'><\/i>Transporte empresarial<\/li><li><i class='fa fa-li fa fa-long-arrow-right'><\/i>Transporte de tur\u00edsmo<\/li><li><i class='fa fa-li fa fa-long-arrow-right'><\/i>Servicio de transporte escolar<\/li><\/ul><\/div><div class='col-md-6 ' style='' ><div class='cma-wysiwyg-editor'><p><div style=\"width: 492px;\" class=\"wp-video\"><video class=\"wp-video-shortcode\" id=\"video-342-1\" width=\"492\" height=\"360\" preload=\"metadata\" controls=\"controls\"><source type=\"video\/mp4\" src=\"https:\/\/enruedas.co\/sitio\/wp-content\/uploads\/2019\/03\/videoplayback.1.mp4?_=1\" \/><a href=\"https:\/\/enruedas.co\/sitio\/wp-content\/uploads\/2019\/03\/videoplayback.1.mp4\">https:\/\/enruedas.co\/sitio\/wp-content\/uploads\/2019\/03\/videoplayback.1.mp4<\/a><\/video><\/div><\/p><\/div><\/div><\/div><\/section><\/section><section class='page-content' style=''  ><section class='container'><div class='row' style=''><div class='col-md-4 col-sm-4' style='' ><div class='services-element service-icon-center-boxed '>\r\n                            <div class='service-title'>\r\n                                <div class='icon-container'>\r\n                                    <img src='https:\/\/enruedas.co\/wp-content\/uploads\/2015\/09\/pi-forklift-truck-4.svg' alt='checklist icon'>\r\n                                <\/div>\r\n\r\n                                <h4>Veh\u00edculos<\/h4>\r\n                            <\/div>\r\n\r\n                            <p>Contamos con un variado parque automotor; dotados con elevadores hidr\u00e1ulicos, en \u00f3ptimas condiciones que cumplen los standares de seguridad y confort para nuestros usuarios.<\/p>\r\n                        <\/div><\/div><div class='col-md-4 col-sm-4' style='' ><div class='services-element service-icon-center-boxed '>\r\n                            <div class='service-title'>\r\n                                <div class='icon-container'>\r\n                                    <img src='https:\/\/enruedas.co\/wp-content\/uploads\/2015\/09\/pi-checklist-2.svg' alt='checklist icon'>\r\n                                <\/div>\r\n\r\n                                <h4>Recursos t\u00e9cnicos<\/h4>\r\n                            <\/div>\r\n\r\n                            <p>Los veh\u00edculos de EN RUEDAS S.A.S., est\u00e1n dotados con cilindro de ox\u00edgeno, equipo de primeros auxilios, silla de ruedas, cintur\u00f3n de piso retr\u00e1ctil y monitoreo satelital.\n\n<\/p>\r\n                        <\/div><\/div><div class='col-md-4 col-sm-4' style='' ><div class='services-element service-icon-center-boxed '>\r\n                            <div class='service-title'>\r\n                                <div class='icon-container'>\r\n                                    <img src='https:\/\/enruedas.co\/wp-content\/uploads\/2015\/09\/pi-cargo-retail.svg' alt='checklist icon'>\r\n                                <\/div>\r\n\r\n                                <h4>Recurso humano<\/h4>\r\n                            <\/div>\r\n\r\n                            <p>Nuestro personal lo atender\u00e1 r\u00e1pida, amable y personalmente, brind\u00e1ndole asesor\u00eda especializada en sus requerimientos, nuestro personal est\u00e1 comprometido con la excelencia en su trabajo.<\/p>\r\n                        <\/div><\/div><\/div><\/section><\/section><section class='page-content custom-background image-background dark' style='background-image: url(https:\/\/enruedas.co\/wp-content\/uploads\/2017\/05\/carretera-sin-fin5.jpg);background-size: cover;background-repeat: repeat;'  ><section class='container-fluid'><div class='row' style=''><div class='col-md-12 ' style='' ><div class='custom-heading02 simple'>\r\n                            <h2>Nuestro compromiso<\/h2>\r\n                        <\/div><div class='cma-wysiwyg-editor'><h3 style=\"text-align: center;\"><span style=\"color: #ffffff;\">Proporcionar un servicio de transporte especial con eficiencia, seguridad y confort.<\/span><\/h3><\/div><\/div><\/div><\/section><\/section><section class='page-content' style='margin-bottom: 30px;margin-top: 30px;'  ><section class='container'><div class='row' style=''><div class='col-md-12 ' style='' ><div class='custom-heading02 simple'>\r\n                            <h2>Nuestros clientes<\/h2>\r\n                        <\/div><div class='carousel-container'><div class='image-carousel owl-carousel owl-carousel-navigation' data-play='0' data-timeout='3000' data-navigation='1' data-nav-type='right'><div class='owl-item'><img src='https:\/\/enruedas.co\/wp-content\/uploads\/bfi_thumb\/JPEG-01v1-no5ornxpqm0wxx2hhly6x8htq6ism2q4x964uienes.jpg' alt='image'\/><\/div><div class='owl-item'><img src='https:\/\/enruedas.co\/wp-content\/uploads\/bfi_thumb\/t2-n8mqf5byjmupqf1p2rsen6xid06gwx0ajsin3s7d1w.png' alt='image'\/><\/div><div class='owl-item'><img src='https:\/\/enruedas.co\/wp-content\/uploads\/bfi_thumb\/logo15-n8mj0gkfhtrzpafccht07hnevenf0g9x7t57bjmioa.png' alt='image'\/><\/div><div class='owl-item'><img src='https:\/\/enruedas.co\/wp-content\/uploads\/bfi_thumb\/logo14-n8mj0jdy2bvuo4b8w10vwyxsnk9injl4873nrdic4s.png' alt='image'\/><\/div><div class='owl-item'><img src='https:\/\/enruedas.co\/wp-content\/uploads\/bfi_thumb\/logo13-n8mj0l9mfzyfbc8il1u51ygpuc092xskwgempxfjgo.png' alt='image'\/><\/div><div class='owl-item'><img src='https:\/\/enruedas.co\/wp-content\/uploads\/bfi_thumb\/t-n8mj0p0z7c3kls31z3gnbxik7vhpxq7i8z0kn19yqy.png' alt='image'\/><\/div><div class='owl-item'><img src='https:\/\/enruedas.co\/wp-content\/uploads\/bfi_thumb\/yy-n8mjh9whr4sne6025rgqt8w9fjrspj12719wdqozfy.png' alt='image'\/><\/div><div class='owl-item'><img src='https:\/\/enruedas.co\/wp-content\/uploads\/bfi_thumb\/esivans-n8mq577g7r8guzhw5yzjr7aw177mg8ik6jyn9cydo2.png' alt='image'\/><\/div><div class='owl-item'><img src='https:\/\/enruedas.co\/wp-content\/uploads\/bfi_thumb\/fundacion-medico-n8mq5aysz3dm5fcfk0m216cqeqp3b0xhj2kl6gss7y.png' alt='image'\/><\/div><\/div><\/div><\/div><\/div><\/section><\/section>\n","protected":false},"excerpt":{"rendered":"","protected":false},"author":1,"featured_media":0,"parent":0,"menu_order":1,"comment_status":"closed","ping_status":"closed","template":"","meta":{"inline_featured_image":false,"footnotes":""},"class_list":["post-342","page","type-page","status-publish","hentry"],"_links":{"self":[{"href":"https:\/\/enruedas.co\/index.php?rest_route=\/wp\/v2\/pages\/342","targetHints":{"allow":["GET"]}}],"collection":[{"href":"https:\/\/enruedas.co\/index.php?rest_route=\/wp\/v2\/pages"}],"about":[{"href":"https:\/\/enruedas.co\/index.php?rest_route=\/wp\/v2\/types\/page"}],"author":[{"embeddable":true,"href":"https:\/\/enruedas.co\/index.php?rest_route=\/wp\/v2\/users\/1"}],"replies":[{"embeddable":true,"href":"https:\/\/enruedas.co\/index.php?rest_route=%2Fwp%2Fv2%2Fcomments&post=342"}],"version-history":[{"count":1,"href":"https:\/\/enruedas.co\/index.php?rest_route=\/wp\/v2\/pages\/342\/revisions"}],"predecessor-version":[{"id":1418,"href":"https:\/\/enruedas.co\/index.php?rest_route=\/wp\/v2\/pages\/342\/revisions\/1418"}],"wp:attachment":[{"href":"https:\/\/enruedas.co\/index.php?rest_route=%2Fwp%2Fv2%2Fmedia&parent=342"}],"curies":[{"name":"wp","href":"https:\/\/api.w.org\/{rel}","templated":true}]}}